{"id":9030,"date":"2021-03-22T19:17:05","date_gmt":"2021-03-22T17:17:05","guid":{"rendered":"https:\/\/www.espurna.org\/?post_type=product&#038;p=9030"},"modified":"2022-04-29T11:15:33","modified_gmt":"2022-04-29T09:15:33","slug":"posavasos-trencadis-corazon-color","status":"publish","type":"product","link":"https:\/\/espurna.cloud\/espurna\/producto\/posavasos-trencadis-corazon-color","title":{"rendered":"Posavasos trencad\u00eds coraz\u00f3n color"},"content":{"rendered":"","protected":false},"excerpt":{"rendered":"<p>Posavasos de trencad\u00eds artesanal con motivo de coraz\u00f3n multicolor. Hecho en madera, azulejo cer\u00e1mico, masa mortero de rejuntado y corcho.<\/p>\n","protected":false},"featured_media":9031,"comment_status":"closed","ping_status":"closed","template":"","meta":[],"product_brand":[],"product_cat":[152,203,143,133],"product_tag":[165,199,213,202,163],"class_list":{"0":"post-9030","1":"product","2":"type-product","3":"status-publish","4":"has-post-thumbnail","6":"product_cat-menaje","7":"product_cat-posavasos","8":"product_cat-san-valentin","9":"product_cat-trencadis","10":"product_tag-artesania","11":"product_tag-decoracion","12":"product_tag-fetama","13":"product_tag-posavasos","14":"product_tag-trencadis","15":"wcpa_has_options","17":"first","18":"instock","19":"shipping-taxable","20":"purchasable","21":"product-type-simple"},"yoast_head":"<!-- This site is optimized with the Yoast SEO plugin v27.5 - https:\/\/yoast.com\/product\/yoast-seo-wordpress\/ -->\n<title>Posavasos trencad\u00eds coraz\u00f3n color - Espurna.org<\/title>\n<meta name=\"description\" content=\"Posavasos de trencad\u00eds artesanal con motivo de coraz\u00f3n multicolor. Hecho en madera, azulejo cer\u00e1mico, masa mortero de rejuntado y corcho.\" \/>\n<meta name=\"robots\" content=\"index, follow, max-snippet:-1, max-image-preview:large, max-video-preview:-1\" \/>\n<link rel=\"canonical\" href=\"https:\/\/espurna.cloud\/espurna\/producto\/posavasos-trencadis-corazon-color\" \/>\n<meta property=\"og:locale\" content=\"es_ES\" \/>\n<meta property=\"og:type\" content=\"article\" \/>\n<meta property=\"og:title\" content=\"Posavasos trencad\u00eds coraz\u00f3n color - Espurna.org\" \/>\n<meta property=\"og:description\" content=\"Posavasos de trencad\u00eds artesanal con motivo de coraz\u00f3n multicolor. Hecho en madera, azulejo cer\u00e1mico, masa mortero de rejuntado y corcho.\" \/>\n<meta property=\"og:url\" content=\"https:\/\/espurna.cloud\/espurna\/producto\/posavasos-trencadis-corazon-color\" \/>\n<meta property=\"og:site_name\" content=\"Espurna.org\" \/>\n<meta property=\"article:modified_time\" content=\"2022-04-29T09:15:33+00:00\" \/>\n<meta property=\"og:image\" content=\"https:\/\/espurna.cloud\/espurna\/wp-content\/uploads\/2021\/03\/trenacadis-corazon-fundacio-espurna.jpg\" \/>\n\t<meta property=\"og:image:width\" content=\"1537\" \/>\n\t<meta property=\"og:image:height\" content=\"2048\" \/>\n\t<meta property=\"og:image:type\" content=\"image\/jpeg\" \/>\n<meta name=\"twitter:card\" content=\"summary_large_image\" \/>\n<script type=\"application\/ld+json\" class=\"yoast-schema-graph\">{\"@context\":\"https:\\\/\\\/schema.org\",\"@graph\":[{\"@type\":\"WebPage\",\"@id\":\"https:\\\/\\\/espurna.cloud\\\/espurna\\\/producto\\\/posavasos-trencadis-corazon-color\",\"url\":\"https:\\\/\\\/espurna.cloud\\\/espurna\\\/producto\\\/posavasos-trencadis-corazon-color\",\"name\":\"Posavasos trencad\u00eds coraz\u00f3n color - Espurna.org\",\"isPartOf\":{\"@id\":\"https:\\\/\\\/espurna.cloud\\\/espurna\\\/#website\"},\"primaryImageOfPage\":{\"@id\":\"https:\\\/\\\/espurna.cloud\\\/espurna\\\/producto\\\/posavasos-trencadis-corazon-color#primaryimage\"},\"image\":{\"@id\":\"https:\\\/\\\/espurna.cloud\\\/espurna\\\/producto\\\/posavasos-trencadis-corazon-color#primaryimage\"},\"thumbnailUrl\":\"https:\\\/\\\/espurna.cloud\\\/espurna\\\/wp-content\\\/uploads\\\/2021\\\/03\\\/trenacadis-corazon-fundacio-espurna.jpg\",\"datePublished\":\"2021-03-22T17:17:05+00:00\",\"dateModified\":\"2022-04-29T09:15:33+00:00\",\"description\":\"Posavasos de trencad\u00eds artesanal con motivo de coraz\u00f3n multicolor. Hecho en madera, azulejo cer\u00e1mico, masa mortero de rejuntado y corcho.\",\"breadcrumb\":{\"@id\":\"https:\\\/\\\/espurna.cloud\\\/espurna\\\/producto\\\/posavasos-trencadis-corazon-color#breadcrumb\"},\"inLanguage\":\"es\",\"potentialAction\":[{\"@type\":\"ReadAction\",\"target\":[\"https:\\\/\\\/espurna.cloud\\\/espurna\\\/producto\\\/posavasos-trencadis-corazon-color\"]}]},{\"@type\":\"ImageObject\",\"inLanguage\":\"es\",\"@id\":\"https:\\\/\\\/espurna.cloud\\\/espurna\\\/producto\\\/posavasos-trencadis-corazon-color#primaryimage\",\"url\":\"https:\\\/\\\/espurna.cloud\\\/espurna\\\/wp-content\\\/uploads\\\/2021\\\/03\\\/trenacadis-corazon-fundacio-espurna.jpg\",\"contentUrl\":\"https:\\\/\\\/espurna.cloud\\\/espurna\\\/wp-content\\\/uploads\\\/2021\\\/03\\\/trenacadis-corazon-fundacio-espurna.jpg\",\"width\":1537,\"height\":2048,\"caption\":\"posavasos trancad\u00eds con motivo de cor\u00e1zon sobre fondo negro\"},{\"@type\":\"BreadcrumbList\",\"@id\":\"https:\\\/\\\/espurna.cloud\\\/espurna\\\/producto\\\/posavasos-trencadis-corazon-color#breadcrumb\",\"itemListElement\":[{\"@type\":\"ListItem\",\"position\":1,\"name\":\"Portada\",\"item\":\"https:\\\/\\\/espurna.cloud\\\/espurna\\\/\"},{\"@type\":\"ListItem\",\"position\":2,\"name\":\"La Botiga d&#8217;Espurna\",\"item\":\"https:\\\/\\\/espurna.cloud\\\/espurna\\\/botiga\"},{\"@type\":\"ListItem\",\"position\":3,\"name\":\"Posavasos trencad\u00eds coraz\u00f3n color\"}]},{\"@type\":\"WebSite\",\"@id\":\"https:\\\/\\\/espurna.cloud\\\/espurna\\\/#website\",\"url\":\"https:\\\/\\\/espurna.cloud\\\/espurna\\\/\",\"name\":\"Espurna.org\",\"description\":\"Atenci\u00f3n integral a personas con discapacidad intelectual\",\"potentialAction\":[{\"@type\":\"SearchAction\",\"target\":{\"@type\":\"EntryPoint\",\"urlTemplate\":\"https:\\\/\\\/espurna.cloud\\\/espurna\\\/?s={search_term_string}\"},\"query-input\":{\"@type\":\"PropertyValueSpecification\",\"valueRequired\":true,\"valueName\":\"search_term_string\"}}],\"inLanguage\":\"es\"}]}<\/script>\n<!-- \/ Yoast SEO plugin. -->","yoast_head_json":{"title":"Posavasos trencad\u00eds coraz\u00f3n color - Espurna.org","description":"Posavasos de trencad\u00eds artesanal con motivo de coraz\u00f3n multicolor. Hecho en madera, azulejo cer\u00e1mico, masa mortero de rejuntado y corcho.","robots":{"index":"index","follow":"follow","max-snippet":"max-snippet:-1","max-image-preview":"max-image-preview:large","max-video-preview":"max-video-preview:-1"},"canonical":"https:\/\/espurna.cloud\/espurna\/producto\/posavasos-trencadis-corazon-color","og_locale":"es_ES","og_type":"article","og_title":"Posavasos trencad\u00eds coraz\u00f3n color - Espurna.org","og_description":"Posavasos de trencad\u00eds artesanal con motivo de coraz\u00f3n multicolor. Hecho en madera, azulejo cer\u00e1mico, masa mortero de rejuntado y corcho.","og_url":"https:\/\/espurna.cloud\/espurna\/producto\/posavasos-trencadis-corazon-color","og_site_name":"Espurna.org","article_modified_time":"2022-04-29T09:15:33+00:00","og_image":[{"width":1537,"height":2048,"url":"https:\/\/espurna.cloud\/espurna\/wp-content\/uploads\/2021\/03\/trenacadis-corazon-fundacio-espurna.jpg","type":"image\/jpeg"}],"twitter_card":"summary_large_image","schema":{"@context":"https:\/\/schema.org","@graph":[{"@type":"WebPage","@id":"https:\/\/espurna.cloud\/espurna\/producto\/posavasos-trencadis-corazon-color","url":"https:\/\/espurna.cloud\/espurna\/producto\/posavasos-trencadis-corazon-color","name":"Posavasos trencad\u00eds coraz\u00f3n color - Espurna.org","isPartOf":{"@id":"https:\/\/espurna.cloud\/espurna\/#website"},"primaryImageOfPage":{"@id":"https:\/\/espurna.cloud\/espurna\/producto\/posavasos-trencadis-corazon-color#primaryimage"},"image":{"@id":"https:\/\/espurna.cloud\/espurna\/producto\/posavasos-trencadis-corazon-color#primaryimage"},"thumbnailUrl":"https:\/\/espurna.cloud\/espurna\/wp-content\/uploads\/2021\/03\/trenacadis-corazon-fundacio-espurna.jpg","datePublished":"2021-03-22T17:17:05+00:00","dateModified":"2022-04-29T09:15:33+00:00","description":"Posavasos de trencad\u00eds artesanal con motivo de coraz\u00f3n multicolor. Hecho en madera, azulejo cer\u00e1mico, masa mortero de rejuntado y corcho.","breadcrumb":{"@id":"https:\/\/espurna.cloud\/espurna\/producto\/posavasos-trencadis-corazon-color#breadcrumb"},"inLanguage":"es","potentialAction":[{"@type":"ReadAction","target":["https:\/\/espurna.cloud\/espurna\/producto\/posavasos-trencadis-corazon-color"]}]},{"@type":"ImageObject","inLanguage":"es","@id":"https:\/\/espurna.cloud\/espurna\/producto\/posavasos-trencadis-corazon-color#primaryimage","url":"https:\/\/espurna.cloud\/espurna\/wp-content\/uploads\/2021\/03\/trenacadis-corazon-fundacio-espurna.jpg","contentUrl":"https:\/\/espurna.cloud\/espurna\/wp-content\/uploads\/2021\/03\/trenacadis-corazon-fundacio-espurna.jpg","width":1537,"height":2048,"caption":"posavasos trancad\u00eds con motivo de cor\u00e1zon sobre fondo negro"},{"@type":"BreadcrumbList","@id":"https:\/\/espurna.cloud\/espurna\/producto\/posavasos-trencadis-corazon-color#breadcrumb","itemListElement":[{"@type":"ListItem","position":1,"name":"Portada","item":"https:\/\/espurna.cloud\/espurna\/"},{"@type":"ListItem","position":2,"name":"La Botiga d&#8217;Espurna","item":"https:\/\/espurna.cloud\/espurna\/botiga"},{"@type":"ListItem","position":3,"name":"Posavasos trencad\u00eds coraz\u00f3n color"}]},{"@type":"WebSite","@id":"https:\/\/espurna.cloud\/espurna\/#website","url":"https:\/\/espurna.cloud\/espurna\/","name":"Espurna.org","description":"Atenci\u00f3n integral a personas con discapacidad intelectual","potentialAction":[{"@type":"SearchAction","target":{"@type":"EntryPoint","urlTemplate":"https:\/\/espurna.cloud\/espurna\/?s={search_term_string}"},"query-input":{"@type":"PropertyValueSpecification","valueRequired":true,"valueName":"search_term_string"}}],"inLanguage":"es"}]}},"_links":{"self":[{"href":"https:\/\/espurna.cloud\/espurna\/wp-json\/wp\/v2\/product\/9030","targetHints":{"allow":["GET"]}}],"collection":[{"href":"https:\/\/espurna.cloud\/espurna\/wp-json\/wp\/v2\/product"}],"about":[{"href":"https:\/\/espurna.cloud\/espurna\/wp-json\/wp\/v2\/types\/product"}],"replies":[{"embeddable":true,"href":"https:\/\/espurna.cloud\/espurna\/wp-json\/wp\/v2\/comments?post=9030"}],"wp:featuredmedia":[{"embeddable":true,"href":"https:\/\/espurna.cloud\/espurna\/wp-json\/wp\/v2\/media\/9031"}],"wp:attachment":[{"href":"https:\/\/espurna.cloud\/espurna\/wp-json\/wp\/v2\/media?parent=9030"}],"wp:term":[{"taxonomy":"product_brand","embeddable":true,"href":"https:\/\/espurna.cloud\/espurna\/wp-json\/wp\/v2\/product_brand?post=9030"},{"taxonomy":"product_cat","embeddable":true,"href":"https:\/\/espurna.cloud\/espurna\/wp-json\/wp\/v2\/product_cat?post=9030"},{"taxonomy":"product_tag","embeddable":true,"href":"https:\/\/espurna.cloud\/espurna\/wp-json\/wp\/v2\/product_tag?post=9030"}],"curies":[{"name":"wp","href":"https:\/\/api.w.org\/{rel}","templated":true}]}}